{"id":301,"date":"2017-11-09T15:02:51","date_gmt":"2017-11-09T15:02:51","guid":{"rendered":"http:\/\/wp-master-powergo.eliappwordpress1sto.elisys-servers.ca\/?page_id=301"},"modified":"2026-01-08T09:17:32","modified_gmt":"2026-01-08T14:17:32","slug":"contact","status":"publish","type":"page","link":"https:\/\/roulottesremillard.com\/fr\/contact\/","title":{"rendered":"Contactez-nous"},"content":{"rendered":"<p data-sourcepos=\"3:1-3:82\"><strong>Vous cherchez \u00e0 vivre des aventures inoubliables en camping?<\/strong> Roulottes R\u00e9millard est l&rsquo;endroit unique pour tout ce qui concerne les roulottes et le camping. Que vous soyez un campeur chevronn\u00e9 ou un d\u00e9butant enthousiaste, nous avons tout ce dont vous avez besoin pour rendre votre prochain voyage un succ\u00e8s. Avec 77 ans d&rsquo;exp\u00e9rience, Roulottes R\u00e9millard a tout ce qui faut pour votre prochain \u00e9vasion cl\u00e9-en-main en camping selon vos pr\u00e9f\u00e9rences, et nous serions honor\u00e9s de vous aider dans cette aventure.<\/p>\n<p data-sourcepos=\"5:1-5:40\"><strong>Contactez-nous d\u00e8s aujourd&rsquo;hui pour:<\/strong><\/p>\n<div class=\"textMore\">\n<ul data-sourcepos=\"7:1-7:18\">\n<li data-sourcepos=\"7:1-7:18\"><strong>Trouver la roulotte ou le motoris\u00e9 parfait pour vos besoins<\/strong><\/li>\n<li data-sourcepos=\"8:1-8:78\"><strong>Obtenir des conseils d&rsquo;experts sur le camping et l&rsquo;aventure en plein air<\/strong><\/li>\n<li data-sourcepos=\"9:1-9:59\"><strong>Profiter de nos offres sp\u00e9ciales et de nos promotions<\/strong><\/li>\n<li data-sourcepos=\"10:1-11:0\"><strong>Acc\u00e9der \u00e0 un service client exceptionnel<\/strong><\/li>\n<\/ul>\n<p><strong>Roulottes R\u00e9millard &#8211; Votre partenaire expert des aventures en camping inoubliables et accessibles !<\/strong><\/p>\n<\/div>\n","protected":false},"excerpt":{"rendered":"<p>Vous cherchez \u00e0 vivre des aventures inoubliables en camping? Roulottes R\u00e9millard est l&rsquo;endroit unique pour tout ce qui concerne les roulottes et le camping. Que vous soyez un campeur chevronn\u00e9 ou un d\u00e9butant enthousiaste, nous avons tout ce dont vous avez besoin pour rendre votre prochain voyage un succ\u00e8s. Avec 77 ans d&rsquo;exp\u00e9rience, Roulottes R\u00e9millard &hellip; <a href=\"https:\/\/roulottesremillard.com\/fr\/contact\/\">Suite<\/a><\/p>\n","protected":false},"author":1,"featured_media":0,"parent":0,"menu_order":0,"comment_status":"closed","ping_status":"closed","template":"template-contact.php","meta":[],"acf":{"content_featured_type":"image","content_featured_image":{"ID":29290,"id":29290,"title":"img-Nous-joindre","filename":"img-Nous-joindre-1.jpg","filesize":64881,"url":"https:\/\/roulottesremillard.com\/wp-content\/uploads\/2023\/07\/img-Nous-joindre-1.jpg","link":"https:\/\/roulottesremillard.com\/fr\/?attachment_id=29290","alt":"","author":"1","description":"","caption":"","name":"img-nous-joindre-2","status":"inherit","uploaded_to":29281,"date":"2023-07-11 20:53:30","modified":"2023-07-11 20:53:30","menu_order":0,"mime_type":"image\/jpeg","type":"image","subtype":"jpeg","icon":"https:\/\/roulottesremillard.com\/wp-includes\/images\/media\/default.png","width":770,"height":330,"sizes":{"thumbnail":"https:\/\/roulottesremillard.com\/wp-content\/uploads\/2023\/07\/img-Nous-joindre-1-150x150.jpg","thumbnail-width":150,"thumbnail-height":150,"medium":"https:\/\/roulottesremillard.com\/wp-content\/uploads\/2023\/07\/img-Nous-joindre-1-300x129.jpg","medium-width":300,"medium-height":129,"medium_large":"https:\/\/roulottesremillard.com\/wp-content\/uploads\/2023\/07\/img-Nous-joindre-1-768x329.jpg","medium_large-width":768,"medium_large-height":329,"large":"https:\/\/roulottesremillard.com\/wp-content\/uploads\/2023\/07\/img-Nous-joindre-1.jpg","large-width":770,"large-height":330,"1536x1536":"https:\/\/roulottesremillard.com\/wp-content\/uploads\/2023\/07\/img-Nous-joindre-1.jpg","1536x1536-width":770,"1536x1536-height":330,"2048x2048":"https:\/\/roulottesremillard.com\/wp-content\/uploads\/2023\/07\/img-Nous-joindre-1.jpg","2048x2048-width":770,"2048x2048-height":330,"article-details":"https:\/\/roulottesremillard.com\/wp-content\/uploads\/2023\/07\/img-Nous-joindre-1-745x319.jpg","article-details-width":745,"article-details-height":319,"article-listing":"https:\/\/roulottesremillard.com\/wp-content\/uploads\/2023\/07\/img-Nous-joindre-1-745x319.jpg","article-listing-width":745,"article-listing-height":319,"event-details":"https:\/\/roulottesremillard.com\/wp-content\/uploads\/2023\/07\/img-Nous-joindre-1-745x319.jpg","event-details-width":745,"event-details-height":319,"event-listing":"https:\/\/roulottesremillard.com\/wp-content\/uploads\/2023\/07\/img-Nous-joindre-1-745x319.jpg","event-listing-width":745,"event-listing-height":319,"feat-article":"https:\/\/roulottesremillard.com\/wp-content\/uploads\/2023\/07\/img-Nous-joindre-1-720x309.jpg","feat-article-width":720,"feat-article-height":309,"feat-cta":"https:\/\/roulottesremillard.com\/wp-content\/uploads\/2023\/07\/img-Nous-joindre-1-745x319.jpg","feat-cta-width":745,"feat-cta-height":319,"feat-content":"https:\/\/roulottesremillard.com\/wp-content\/uploads\/2023\/07\/img-Nous-joindre-1-745x319.jpg","feat-content-width":745,"feat-content-height":319,"feat-event":"https:\/\/roulottesremillard.com\/wp-content\/uploads\/2023\/07\/img-Nous-joindre-1-720x309.jpg","feat-event-width":720,"feat-event-height":309,"feat-makes":"https:\/\/roulottesremillard.com\/wp-content\/uploads\/2023\/07\/img-Nous-joindre-1-187x80.jpg","feat-makes-width":187,"feat-makes-height":80,"feat-related":"https:\/\/roulottesremillard.com\/wp-content\/uploads\/2023\/07\/img-Nous-joindre-1-720x309.jpg","feat-related-width":720,"feat-related-height":309,"filter-category":"https:\/\/roulottesremillard.com\/wp-content\/uploads\/2023\/07\/img-Nous-joindre-1-486x330.jpg","filter-category-width":486,"filter-category-height":330,"products-listing-new":"https:\/\/roulottesremillard.com\/wp-content\/uploads\/2023\/07\/img-Nous-joindre-1-460x197.jpg","products-listing-new-width":460,"products-listing-new-height":197,"products-gallery":"https:\/\/roulottesremillard.com\/wp-content\/uploads\/2023\/07\/img-Nous-joindre-1-745x319.jpg","products-gallery-width":745,"products-gallery-height":319,"promos-details":"https:\/\/roulottesremillard.com\/wp-content\/uploads\/2023\/07\/img-Nous-joindre-1-745x319.jpg","promos-details-width":745,"promos-details-height":319,"promos-listing":"https:\/\/roulottesremillard.com\/wp-content\/uploads\/2023\/07\/img-Nous-joindre-1-745x319.jpg","promos-listing-width":745,"promos-listing-height":319,"relative-product-article":"https:\/\/roulottesremillard.com\/wp-content\/uploads\/2023\/07\/img-Nous-joindre-1-745x319.jpg","relative-product-article-width":745,"relative-product-article-height":319,"relative-product-event":"https:\/\/roulottesremillard.com\/wp-content\/uploads\/2023\/07\/img-Nous-joindre-1-745x319.jpg","relative-product-event-width":745,"relative-product-event-height":319,"relative-product-new":"https:\/\/roulottesremillard.com\/wp-content\/uploads\/2023\/07\/img-Nous-joindre-1-690x296.jpg","relative-product-new-width":690,"relative-product-new-height":296,"relative-product-promo":"https:\/\/roulottesremillard.com\/wp-content\/uploads\/2023\/07\/img-Nous-joindre-1-745x319.jpg","relative-product-promo-width":745,"relative-product-promo-height":319,"slider-main":"https:\/\/roulottesremillard.com\/wp-content\/uploads\/2023\/07\/img-Nous-joindre-1.jpg","slider-main-width":770,"slider-main-height":330,"slider-main-mobile":"https:\/\/roulottesremillard.com\/wp-content\/uploads\/2023\/07\/img-Nous-joindre-1.jpg","slider-main-mobile-width":770,"slider-main-mobile-height":330,"slider-main-fullwidth":"https:\/\/roulottesremillard.com\/wp-content\/uploads\/2023\/07\/img-Nous-joindre-1.jpg","slider-main-fullwidth-width":770,"slider-main-fullwidth-height":330,"slider-main-fullwidth-narrow":"https:\/\/roulottesremillard.com\/wp-content\/uploads\/2023\/07\/img-Nous-joindre-1.jpg","slider-main-fullwidth-narrow-width":770,"slider-main-fullwidth-narrow-height":330,"map-footer":"https:\/\/roulottesremillard.com\/wp-content\/uploads\/2023\/07\/img-Nous-joindre-1.jpg","map-footer-width":770,"map-footer-height":330,"map-footer-mobile":"https:\/\/roulottesremillard.com\/wp-content\/uploads\/2023\/07\/img-Nous-joindre-1.jpg","map-footer-mobile-width":770,"map-footer-mobile-height":330,"map-footer-fullwidth":"https:\/\/roulottesremillard.com\/wp-content\/uploads\/2023\/07\/img-Nous-joindre-1.jpg","map-footer-fullwidth-width":770,"map-footer-fullwidth-height":330,"map-footer-fullwidth-narrow":"https:\/\/roulottesremillard.com\/wp-content\/uploads\/2023\/07\/img-Nous-joindre-1.jpg","map-footer-fullwidth-narrow-width":770,"map-footer-fullwidth-narrow-height":330,"team-listing":"https:\/\/roulottesremillard.com\/wp-content\/uploads\/2023\/07\/img-Nous-joindre-1-450x193.jpg","team-listing-width":450,"team-listing-height":193,"team-sidebar":"https:\/\/roulottesremillard.com\/wp-content\/uploads\/2023\/07\/img-Nous-joindre-1-720x309.jpg","team-sidebar-width":720,"team-sidebar-height":309,"history-timeline":"https:\/\/roulottesremillard.com\/wp-content\/uploads\/2023\/07\/img-Nous-joindre-1-380x163.jpg","history-timeline-width":380,"history-timeline-height":163,"automatic-popup":"https:\/\/roulottesremillard.com\/wp-content\/uploads\/2023\/07\/img-Nous-joindre-1.jpg","automatic-popup-width":770,"automatic-popup-height":330,"wc-feat-brands":"https:\/\/roulottesremillard.com\/wp-content\/uploads\/2023\/07\/img-Nous-joindre-1-175x75.jpg","wc-feat-brands-width":175,"wc-feat-brands-height":75,"wc-products-details-brands":"https:\/\/roulottesremillard.com\/wp-content\/uploads\/2023\/07\/img-Nous-joindre-1-175x75.jpg","wc-products-details-brands-width":175,"wc-products-details-brands-height":75}},"content_featured_slider":false,"content_featured_video":"https:\/\/www.youtube.com\/watch?v=8tpztxVfKrg","contact_form_custom_html_id":""},"_links":{"self":[{"href":"https:\/\/roulottesremillard.com\/fr\/wp-json\/wp\/v2\/pages\/301"}],"collection":[{"href":"https:\/\/roulottesremillard.com\/fr\/wp-json\/wp\/v2\/pages"}],"about":[{"href":"https:\/\/roulottesremillard.com\/fr\/wp-json\/wp\/v2\/types\/page"}],"author":[{"embeddable":true,"href":"https:\/\/roulottesremillard.com\/fr\/wp-json\/wp\/v2\/users\/1"}],"replies":[{"embeddable":true,"href":"https:\/\/roulottesremillard.com\/fr\/wp-json\/wp\/v2\/comments?post=301"}],"version-history":[{"count":29,"href":"https:\/\/roulottesremillard.com\/fr\/wp-json\/wp\/v2\/pages\/301\/revisions"}],"predecessor-version":[{"id":33356,"href":"https:\/\/roulottesremillard.com\/fr\/wp-json\/wp\/v2\/pages\/301\/revisions\/33356"}],"wp:attachment":[{"href":"https:\/\/roulottesremillard.com\/fr\/wp-json\/wp\/v2\/media?parent=301"}],"curies":[{"name":"wp","href":"https:\/\/api.w.org\/{rel}","templated":true}]}}